{"id":8,"date":"2020-02-28T12:16:39","date_gmt":"2020-02-28T12:16:39","guid":{"rendered":"https:\/\/zakladpogrzebowy.rzeszow.pl\/?page_id=8"},"modified":"2020-02-28T13:34:13","modified_gmt":"2020-02-28T13:34:13","slug":"o-nas","status":"publish","type":"page","link":"https:\/\/zakladpogrzebowy.rzeszow.pl\/?page_id=8","title":{"rendered":"O nas"},"content":{"rendered":"\n<p>Chcia\u0142by\u015b, aby r\u00f3wnie\u017c twoja strona widnia\u0142a w naszym blogu. Skontaktuj si\u0119 z nami. Wszystkie dane masz w stopce u do\u0142u.<\/p>\n","protected":false},"excerpt":{"rendered":"<p>Chcia\u0142by\u015b, aby r\u00f3wnie\u017c twoja strona widnia\u0142a w naszym blogu. Skontaktuj si\u0119 z nami. Wszystkie dane masz w stopce u do\u0142u.<\/p>\n","protected":false},"author":1,"featured_media":0,"parent":0,"menu_order":0,"comment_status":"closed","ping_status":"closed","template":"","meta":{"footnotes":""},"yst_prominent_words":[],"class_list":["post-8","page","type-page","status-publish","hentry"],"_links":{"self":[{"href":"https:\/\/zakladpogrzebowy.rzeszow.pl\/index.php?rest_route=\/wp\/v2\/pages\/8","targetHints":{"allow":["GET"]}}],"collection":[{"href":"https:\/\/zakladpogrzebowy.rzeszow.pl\/index.php?rest_route=\/wp\/v2\/pages"}],"about":[{"href":"https:\/\/zakladpogrzebowy.rzeszow.pl\/index.php?rest_route=\/wp\/v2\/types\/page"}],"author":[{"embeddable":true,"href":"https:\/\/zakladpogrzebowy.rzeszow.pl\/index.php?rest_route=\/wp\/v2\/users\/1"}],"replies":[{"embeddable":true,"href":"https:\/\/zakladpogrzebowy.rzeszow.pl\/index.php?rest_route=%2Fwp%2Fv2%2Fcomments&post=8"}],"version-history":[{"count":2,"href":"https:\/\/zakladpogrzebowy.rzeszow.pl\/index.php?rest_route=\/wp\/v2\/pages\/8\/revisions"}],"predecessor-version":[{"id":40,"href":"https:\/\/zakladpogrzebowy.rzeszow.pl\/index.php?rest_route=\/wp\/v2\/pages\/8\/revisions\/40"}],"wp:attachment":[{"href":"https:\/\/zakladpogrzebowy.rzeszow.pl\/index.php?rest_route=%2Fwp%2Fv2%2Fmedia&parent=8"}],"wp:term":[{"taxonomy":"yst_prominent_words","embeddable":true,"href":"https:\/\/zakladpogrzebowy.rzeszow.pl\/index.php?rest_route=%2Fwp%2Fv2%2Fyst_prominent_words&post=8"}],"curies":[{"name":"wp","href":"https:\/\/api.w.org\/{rel}","templated":true}]}}