{"id":2,"date":"2020-02-28T13:08:20","date_gmt":"2020-02-28T13:08:20","guid":{"rendered":"https:\/\/zakladpogrzebowy.rzeszow.pl\/?page_id=2"},"modified":"2021-08-26T07:53:28","modified_gmt":"2021-08-26T07:53:28","slug":"sample-page","status":"publish","type":"page","link":"https:\/\/zakladpogrzebowy.rzeszow.pl\/","title":{"rendered":"Us\u0142ugi Pogrzebowe"},"content":{"rendered":"\n<center><a href=\"tel:+48696465164\">Kliknij i Zadzwo\u0144 <br>+48 696 465 164<br> 24h\/7 dni<\/a><\/center><br>\n\n\n\n<div class=\"schema-how-to wp-block-yoast-how-to-block\"><p class=\"schema-how-to-description\">Etapy us\u0142ugi pogrzebowej.<\/p> <ol class=\"schema-how-to-steps\"><li class=\"schema-how-to-step\"><strong class=\"schema-how-to-step-name\"> Otrzymanie karty zgonu  <\/strong> <p class=\"schema-how-to-step-text\">Pierwszym dokumentem niezb\u0119dnym do dalszej procedury jest akt zgonu. Jest wydawany bezp\u0142atnie przez lekarza.<\/p> <\/li><li class=\"schema-how-to-step\"><strong class=\"schema-how-to-step-name\"> <strong>Zg\u0142oszenie zgonu<\/strong> <\/strong> <p class=\"schema-how-to-step-text\">  Zdarzenie nale\u017cy zg\u0142osi\u0107 w ci\u0105gu trzech dni od \u015bmierci, chyba \u017ce wyst\u0105pi\u0142a choroba zaka\u017ana. W takim przypadku czas ten jest skr\u00f3cony do 24 godzin. <\/p> <\/li><li class=\"schema-how-to-step\"><strong class=\"schema-how-to-step-name\"> <strong>Wyb\u00f3r zak\u0142adu pogrzebowego<\/strong> <\/strong> <p class=\"schema-how-to-step-text\">Polecanym przez nas jest Zak\u0142ad Pogrzebowy Orkus, kt\u00f3ry zapewnia kompleksow\u0105 obs\u0142ug\u0119 od pocz\u0105tku do ko\u0144ca ca\u0142ego procesu. Wi\u0119cej na stronie  <a href=\"https:\/\/orkusglogow.pl\/\">https:\/\/orkusglogow.pl\/<\/a> <\/p> <\/li><li class=\"schema-how-to-step\"><strong class=\"schema-how-to-step-name\"> <strong>Ustalenie formy poch\u00f3wku<\/strong> <\/strong> <p class=\"schema-how-to-step-text\"> W zale\u017cno\u015bci od tego, czy pogrzeb ma charakter religijny czy \u015bwiecki, nale\u017cy skontaktowa\u0107 si\u0119 z ksi\u0119dzem lub zak\u0142adem pogrzebowym w celu ustalenia szczeg\u00f3\u0142\u00f3w.<\/p> <\/li><li class=\"schema-how-to-step\"><strong class=\"schema-how-to-step-name\"> <strong>Samodzielna organizacja pogrzebu<\/strong> <\/strong> <p class=\"schema-how-to-step-text\"> Z us\u0142ug domu pogrzebowego mo\u017cna korzysta\u0107 wy\u0142\u0105cznie w zakresie organizacji transportu, trumny i procesji pogrzebowej. Cia\u0142o zmar\u0142ego mo\u017ce by\u0107 trzymane w domu do 72 godzin, w przypadku choroby zaka\u017anej do 24 godzin. Mo\u017cesz samodzielnie przygotowa\u0107 cia\u0142o zmar\u0142ego i zaj\u0105\u0107 si\u0119 wszystkimi innymi sprawami <\/p> <\/li><\/ol><\/div>\n\n\n\n<p> Organizacja ceremonii pogrzebowej zwykle odbywa si\u0119 w atmosferze \u017calu i cierpienia po stracie bliskiej osoby. Dlatego wa\u017cne jest, aby skutecznie za\u0142atwi\u0107 wszystkie niezb\u0119dne formalno\u015bci, aby ca\u0142y proces przebiega\u0142 bez dodatkowych komplikacji i trudno\u015bci. Musisz odpowiednio przygotowa\u0107 niezb\u0119dne dokumenty i sam\u0105 ceremoni\u0119. Informacje o artykule dostarcza \u201e<a href=\"https:\/\/orkusglogow.pl\/\">Zak\u0142ad Pogrzebowy Orkus<\/a>\u201d. <\/p>\n\n\n\n<h2 class=\"has-text-align-center wp-block-heading\"> Otrzymanie karty zgonu <\/h2>\n\n\n\n<p>  Jest pierwszym dokumentem niezb\u0119dnym do dalszej procedury jest akt zgonu. Jest wydawany bezp\u0142atnie przez lekarza pogotowia ratunkowego lub je\u015bli \u015bmier\u0107 mia\u0142a miejsce w szpitalu, tam lekarz. Je\u015bli istnieje podejrzenie co do wyja\u015bnienia przyczyny \u015bmierci, nast\u0105pi\u0142o to w wyniku wypadku lub pope\u0142nienia przest\u0119pstwa, proces wydawania karty \u015bmierci znacznie wyd\u0142u\u017cy si\u0119 na czas sekcji i zostanie wydany przez s\u0105dow\u0105 lekarz. W tym celu nale\u017cy zg\u0142osi\u0107 si\u0119 do prokuratury zajmuj\u0105cej si\u0119 \u015bledztwem. Po otrzymaniu karty najpierw odbierz cia\u0142o.  <\/p>\n\n\n\n<h2 class=\"has-text-align-center wp-block-heading\"><strong>Zg\u0142oszenie zgonu i odebranie aktu zgonu<\/strong><\/h2>\n\n\n\n<p> Zdarzenie nale\u017cy zg\u0142osi\u0107 w ci\u0105gu trzech dni od \u015bmierci, chyba \u017ce wyst\u0105pi\u0142a choroba zaka\u017ana. W takim przypadku czas ten jest skr\u00f3cony do 24 godzin. Bezpo\u015bredni krewni udzielaj\u0105 informacji o \u015bmierci, gdy \u015bmier\u0107 mia\u0142a miejsce w szpitalu &#8211; jest to administracja plac\u00f3wki lub w innych przypadkach osoby, kt\u00f3re znalaz\u0142y zmar\u0142ego. Akt zgonu jest wymagany po z\u0142o\u017ceniu odpowiedniego wniosku w urz\u0119dzie stanu cywilnego. Na podstawie aktu zgonu otrzymasz zasi\u0142ek pogrzebowy w wysoko\u015bci 4000 PLN, \u015bwiadczenia z ubezpieczenia zmar\u0142ego i uregulujesz formalno\u015bci zwi\u0105zane z ewentualnym spadkiem. <\/p>\n\n\n\n<h2 class=\"has-text-align-center wp-block-heading\"><strong>Wyb\u00f3r zak\u0142adu pogrzebowego<\/strong><\/h2>\n\n\n\n<p> Na rynku istnieje szeroka dost\u0119pno\u015b\u0107 tego typu rynku, kt\u00f3ry obecnie oferuje szeroki zakres us\u0142ug zwi\u0105zanych z organizacj\u0105 pogrzeb\u00f3w. Pocz\u0105wszy od transportu cia\u0142a do kostnicy lub kremacji, przygotowania cia\u0142a poprzez interwencje kosmetyczne i odzie\u017c, zakupu kwiat\u00f3w, organizacji \u015brodowiska muzycznego, drukowania klepsydr i zawiadomie\u0144 o \u015bmierci oraz zako\u0144czenia ceremonii. Ponadto taka instytucja mo\u017ce r\u00f3wnie\u017c pom\u00f3c w za\u0142atwieniu formalno\u015bci w ZUS w celu uzyskania zasi\u0142ku pogrzebowego, a tak\u017ce mo\u017ce ubiega\u0107 si\u0119 o akt zgonu. Do zawarcia umowy z domem pogrzebowym potrzebne s\u0105 nast\u0119puj\u0105ce dokumenty: karta zgonu, dow\u00f3d to\u017csamo\u015bci zmar\u0142ego, za\u015bwiadczenie o pracy z miejsca pracy, ostatnia emerytura lub emerytura. <\/p>\n\n\n\n<h2 class=\"has-text-align-center wp-block-heading\"><strong>Ustalenie formy poch\u00f3wku<\/strong><\/h2>\n\n\n\n<p> W zale\u017cno\u015bci od tego, czy pogrzeb ma charakter religijny czy \u015bwiecki, nale\u017cy skontaktowa\u0107 si\u0119 z ksi\u0119dzem w celu ustalenia szczeg\u00f3\u0142\u00f3w us\u0142ugi i wyboru zakwaterowania, lub w drugim przypadku &#8211; skontaktowa\u0107 si\u0119 z administracj\u0105 cmentarza w celu zakupu zakwaterowania. <\/p>\n\n\n\n<h2 class=\"has-text-align-center wp-block-heading\"><strong>Samodzielna organizacja pogrzebu<\/strong><\/h2>\n\n\n\n<p> Aby obni\u017cy\u0107 koszty pogrzebu, mo\u017cesz zaj\u0105\u0107 si\u0119 organizacj\u0105 prawie niezale\u017cnie. Z us\u0142ug domu pogrzebowego mo\u017cna korzysta\u0107 wy\u0142\u0105cznie w zakresie organizacji transportu, trumny i procesji pogrzebowej. Cia\u0142o zmar\u0142ego mo\u017ce by\u0107 trzymane w domu do 72 godzin, w przypadku choroby zaka\u017anej do 24 godzin. Mo\u017cesz samodzielnie przygotowa\u0107 cia\u0142o zmar\u0142ego i zaj\u0105\u0107 si\u0119 wszystkimi innymi sprawami, np. Np .: zamawiaj kwiaty, urny, nekrologi, klepsydry, ustawienia muzyczne. Niezale\u017cna organizacja z pewno\u015bci\u0105 wymaga bardziej osobistego zaanga\u017cowania i wystarczaj\u0105cej ilo\u015bci czasu. <\/p>\n\n\n<ul class=\"wp-block-latest-posts__list wp-block-latest-posts\"><li><a class=\"wp-block-latest-posts__post-title\" href=\"https:\/\/zakladpogrzebowy.rzeszow.pl\/?p=56\">Zak\u0142ad pogrzebowy Rzesz\u00f3w &#8211; us\u0142uga pogrzebowa w Rzeszowie<\/a><\/li>\n<li><a class=\"wp-block-latest-posts__post-title\" href=\"https:\/\/zakladpogrzebowy.rzeszow.pl\/?p=45\">Us\u0142ugi Pogrzebowe i ich pomoc<\/a><\/li>\n<li><a class=\"wp-block-latest-posts__post-title\" href=\"https:\/\/zakladpogrzebowy.rzeszow.pl\/?p=43\">Pomoc zak\u0142ad\u00f3w funeralnych w najtrudniejszych sekundach<\/a><\/li>\n<li><a class=\"wp-block-latest-posts__post-title\" href=\"https:\/\/zakladpogrzebowy.rzeszow.pl\/?p=41\">Wsparcie zak\u0142ad\u00f3w pogrzebowych w trudnych chwilach<\/a><\/li>\n<\/ul>\n\n\n<h2 class=\"wp-block-heading\">Zak\u0142ad Pogrzebowy Orkus<\/h2>\n\n\n\n<h3 class=\"wp-block-heading\">Rzesz\u00f3w<\/h3>\n\n\n\n<p> Zak\u0142ad Pogrzebowy ORKUS to firma \u015bwiadcz\u0105ca us\u0142ugi pogrzebowe, oferuj\u0105ca kompleksowe us\u0142ugi pogrzebowe i kamieniarskie mieszka\u0144com wojew\u00f3dztwa podkarpackiego. Recept\u0105 na niew\u0105tpliwy sukces w bran\u017cy pogrzebowej by\u0142o po\u0142\u0105czenie do\u015bwiadczenia w \u015bwiadczeniu us\u0142ug kamieniarskich i jednoczesnego rozwoju us\u0142ug pogrzebowych na podstawie \u017cyczliwo\u015b\u0107 i zrozumienie. Jeste\u015bmy dost\u0119pni dla wszystkich, kt\u00f3rzy znajduj\u0105 si\u0119 w trudnej sytuacji \u015bmierci bliskiej osoby, niezale\u017cnie od jej sytuacji finansowej. Nasza praca od samego pocz\u0105tku wynika ze zrozumienia, \u017ce \u200b\u200brodziny maj\u0105 bud\u017cet, z kt\u00f3rego pokrywaj\u0105 koszty pogrzebu i kamieniarstwa. <\/p>\n\n\n\n<p> Misj\u0105 zak\u0142adu ORKUS jest oferowanie prac pogrzebowych i kamieniarskich na najwy\u017cszym poziomie. Nasze biura znajduj\u0105 si\u0119 w Rzeszowie przy ul. Krakowska 116, w G\u0142ogowie Ma\u0142opolskim przy ul. Ks. Larymowicza 30 oraz w miastach takich jak Chmiel\u00f3w, Hy\u017cne, \u0141ukawiec, Krasne, Przewrotne, Przybysz\u00f3wka i \u015awilcza. Tam twoi pracownicy nie tylko czekaj\u0105 na kompetencje, ale tak\u017ce charakteryzuj\u0105 si\u0119 wielk\u0105 empati\u0105 i kultur\u0105 osobist\u0105. <\/p>\n\n\n\n<p> Po\u0142\u0105czenie zak\u0142adu pogrzebowego i kamieniarza wynika z naturalnej konsekwencji dzia\u0142a\u0144. Z regu\u0142y ka\u017cda rodzina ma tylko jeden bud\u017cet i traktuje pogrzeb i nagrobek jako etapy powi\u0105zanych dzia\u0142a\u0144. Zak\u0142ad pogrzebowy w Rzeszowie i G\u0142ogowie Ma\u0142opolskim, jako jedyny w regionie, kt\u00f3ry umo\u017cliwia przeprowadzenie ca\u0142ej us\u0142ugi pogrzebowej, cmentarnej i kamieniarskiej w jednej firmie, spe\u0142nia te oczekiwania. Us\u0142ugi oferowane przez nasz dom pogrzebowy obejmuj\u0105 wszystkie etapy ostatniej ceremonii po\u017cegnalnej \u2014 od pierwszego kontaktu do zako\u0144czenia ceremonii pogrzebowej. Fazy \u200b\u200bte obejmuj\u0105: transport zmar\u0142ego do ch\u0142odni i przechowywanie jego cia\u0142a do pogrzebu, organizowanie tradycyjnych pogrzeb\u00f3w i poch\u00f3wk\u00f3w w celu kremacji.<\/p>\n\n\n\n<p> Cia\u0142o zmar\u0142ego przygotowujemy na pogrzeb za pomoc\u0105 kosmetyk\u00f3w thanato &#8211; kosmetyk\u00f3w po\u015bmiertnych. Ka\u017cde nasze dzia\u0142anie cechuje szacunek dla zmar\u0142ej i rodziny w \u017ca\u0142obie. ORKUS to niezawodna, godna zaufania firma, kt\u00f3ra oferuje szeroki zakres us\u0142ug pogrzebowych, ale tak\u017ce bardzo potrzebne wsparcie w tych trudnych chwilach \u017cycia. Nasi specjalnie przeszkoleni specjali\u015bci s\u0142uchaj\u0105, doradzaj\u0105 i pomagaj\u0105 w organizacji pogrzebu, za\u0142atwiaj\u0105 wszystkie formalno\u015bci w Twoim imieniu i, na \u017cyczenie klienta, dostarczaj\u0105 niezb\u0119dnych sugestii dotycz\u0105cych wyboru akcesori\u00f3w \u017ca\u0142obnych. Staramy si\u0119 by\u0107 na bie\u017c\u0105co z r\u00f3\u017cnymi informacjami i wiadomo\u015bciami z bran\u017cy pogrzebowej. Dom pogrzebowy ma eleganckie przyczepy kempingowe. Stosuje si\u0119 je podczas ceremonii pogrzebowych w celu podkre\u015blenia ich znaczenia. Oferujemy r\u00f3wnie\u017c profesjonaln\u0105 muzyk\u0119 pogrzebow\u0105. <\/p>\n\n\n\n<p> Nasza firma ma wieloletnie do\u015bwiadczenie w \u015bwiadczeniu innych us\u0142ug cmentarnych. Us\u0142ugi te obejmuj\u0105 murowanie, sprzeda\u017c i monta\u017c nagrobk\u00f3w oraz ozdobne litery. Je\u015bli nie masz okazji ani czasu, aby zaj\u0105\u0107 si\u0119 grobem ukochanej osoby, zajmiemy si\u0119 grobami. Jeste\u015bmy otwarci na Twoje sugestie i pro\u015bby. Zrobimy wszystko, co w naszej mocy, aby nasze us\u0142ugi by\u0142y konkurencyjne &#8211; pod wzgl\u0119dem ilo\u015bci lub jako\u015bci oraz sposobu ich dostarczania. <\/p>\n\n\n\n<p> <a href=\"https:\/\/orkusglogow.pl\/kontakt\/\">Us\u0142ugi Pogrzebowe ORKUS<\/a> \u2013 Rzesz\u00f3w, G\u0142og\u00f3w Ma\u0142opolski i okolice  <\/p>\n\n\n\n<p> <\/p>\n","protected":false},"excerpt":{"rendered":"<p>Kliknij i Zadzwo\u0144 +48 696 465 164 24h\/7 dni Organizacja ceremonii pogrzebowej zwykle odbywa si\u0119 w atmosferze \u017calu i cierpienia po stracie bliskiej osoby. Dlatego wa\u017cne jest, aby skutecznie za\u0142atwi\u0107 wszystkie niezb\u0119dne formalno\u015bci, aby ca\u0142y proces przebiega\u0142 bez dodatkowych komplikacji i trudno\u015bci. Musisz odpowiednio przygotowa\u0107 niezb\u0119dne dokumenty i sam\u0105 ceremoni\u0119. Informacje o artykule dostarcza \u201eZak\u0142ad [&hellip;]<\/p>\n","protected":false},"author":1,"featured_media":0,"parent":0,"menu_order":0,"comment_status":"closed","ping_status":"open","template":"","meta":{"footnotes":""},"yst_prominent_words":[],"class_list":["post-2","page","type-page","status-publish","hentry"],"_links":{"self":[{"href":"https:\/\/zakladpogrzebowy.rzeszow.pl\/index.php?rest_route=\/wp\/v2\/pages\/2","targetHints":{"allow":["GET"]}}],"collection":[{"href":"https:\/\/zakladpogrzebowy.rzeszow.pl\/index.php?rest_route=\/wp\/v2\/pages"}],"about":[{"href":"https:\/\/zakladpogrzebowy.rzeszow.pl\/index.php?rest_route=\/wp\/v2\/types\/page"}],"author":[{"embeddable":true,"href":"https:\/\/zakladpogrzebowy.rzeszow.pl\/index.php?rest_route=\/wp\/v2\/users\/1"}],"replies":[{"embeddable":true,"href":"https:\/\/zakladpogrzebowy.rzeszow.pl\/index.php?rest_route=%2Fwp%2Fv2%2Fcomments&post=2"}],"version-history":[{"count":9,"href":"https:\/\/zakladpogrzebowy.rzeszow.pl\/index.php?rest_route=\/wp\/v2\/pages\/2\/revisions"}],"predecessor-version":[{"id":50,"href":"https:\/\/zakladpogrzebowy.rzeszow.pl\/index.php?rest_route=\/wp\/v2\/pages\/2\/revisions\/50"}],"wp:attachment":[{"href":"https:\/\/zakladpogrzebowy.rzeszow.pl\/index.php?rest_route=%2Fwp%2Fv2%2Fmedia&parent=2"}],"wp:term":[{"taxonomy":"yst_prominent_words","embeddable":true,"href":"https:\/\/zakladpogrzebowy.rzeszow.pl\/index.php?rest_route=%2Fwp%2Fv2%2Fyst_prominent_words&post=2"}],"curies":[{"name":"wp","href":"https:\/\/api.w.org\/{rel}","templated":true}]}}